{"id":145,"date":"2023-02-13T02:33:54","date_gmt":"2023-02-13T02:33:54","guid":{"rendered":"https:\/\/sprachenservice-sued.de\/?page_id=145"},"modified":"2023-02-18T23:15:10","modified_gmt":"2023-02-18T23:15:10","slug":"home","status":"publish","type":"page","link":"https:\/\/sprachenservice-sued.de\/?page_id=145","title":{"rendered":"Home"},"content":{"rendered":"<h2 class=\"sc_item_title sc_title_title sc_align_left sc_item_title_style_default sc_item_title_tag\"><span style=\"color: #000000;\">\u00dcbersetzungen und Dolmetschen in allen Sprachen der Welt.<\/span><\/h2>\n<h3><\/h3>\n<p>&nbsp;<\/p>\n<p class=\"sc_item_title sc_title_title sc_align_left sc_item_title_style_default sc_item_title_tag\"><span style=\"color: #000000;\"><strong>Wir bieten Ihnen<\/strong><\/span><br \/>\n<span style=\"color: #000000;\"><strong>\u00dcbersetzungen und Dolmetschen jeder Art an. <\/strong><\/span><\/p>\n<p><strong><span style=\"color: #000000;\">Ob es nun das Lesen oder das Sprechen ist, andere Sprachen stellen oft ein Problem dar. Wir bieten unseren Kunden das \u00dcbersetzen und Dolmetschen als Dienstleistung an. Auch Ihnen helfen wir gerne weiter. Bei uns steht Ihnen ein Team aus gelerntem muttersprachigen \u00dcbersetzungspersonal aus allen Sprachen zur Verf\u00fcgung, welche unterschiedliche \u00dcbersetzungsaufgaben durchf\u00fchren.<\/span><\/strong><\/p>\n<p>&nbsp;<\/p>\n<p><strong><span style=\"color: #0000ff;\">\u00a0<\/span><\/strong><\/p>\n","protected":false},"excerpt":{"rendered":"<p>\u00dcbersetzungen und Dolmetschen in allen Sprachen der Welt. &nbsp; Wir bieten Ihnen \u00dcbersetzungen und Dolmetschen jeder Art an. Ob es nun das Lesen oder das Sprechen ist, andere Sprachen stellen oft ein Problem dar. Wir bieten unseren Kunden das \u00dcbersetzen und Dolmetschen als Dienstleistung an. Auch Ihnen helfen wir gerne weiter. Bei uns steht Ihnen [&hellip;]<\/p>\n","protected":false},"author":1,"featured_media":0,"parent":0,"menu_order":1,"comment_status":"closed","ping_status":"closed","template":"","meta":{"footnotes":""},"class_list":["post-145","page","type-page","status-publish","hentry"],"_links":{"self":[{"href":"https:\/\/sprachenservice-sued.de\/index.php?rest_route=\/wp\/v2\/pages\/145","targetHints":{"allow":["GET"]}}],"collection":[{"href":"https:\/\/sprachenservice-sued.de\/index.php?rest_route=\/wp\/v2\/pages"}],"about":[{"href":"https:\/\/sprachenservice-sued.de\/index.php?rest_route=\/wp\/v2\/types\/page"}],"author":[{"embeddable":true,"href":"https:\/\/sprachenservice-sued.de\/index.php?rest_route=\/wp\/v2\/users\/1"}],"replies":[{"embeddable":true,"href":"https:\/\/sprachenservice-sued.de\/index.php?rest_route=%2Fwp%2Fv2%2Fcomments&post=145"}],"version-history":[{"count":32,"href":"https:\/\/sprachenservice-sued.de\/index.php?rest_route=\/wp\/v2\/pages\/145\/revisions"}],"predecessor-version":[{"id":720,"href":"https:\/\/sprachenservice-sued.de\/index.php?rest_route=\/wp\/v2\/pages\/145\/revisions\/720"}],"wp:attachment":[{"href":"https:\/\/sprachenservice-sued.de\/index.php?rest_route=%2Fwp%2Fv2%2Fmedia&parent=145"}],"curies":[{"name":"wp","href":"https:\/\/api.w.org\/{rel}","templated":true}]}}