{"id":148,"date":"2023-02-13T02:34:57","date_gmt":"2023-02-13T02:34:57","guid":{"rendered":"https:\/\/sprachenservice-sued.de\/?page_id=148"},"modified":"2023-02-18T23:15:57","modified_gmt":"2023-02-18T23:15:57","slug":"uebersetzungen","status":"publish","type":"page","link":"https:\/\/sprachenservice-sued.de\/?page_id=148","title":{"rendered":"\u00dcbersetzungen"},"content":{"rendered":"<h2><span style=\"color: #000000;\">\u00dcbersetzungen in allen Sprachen buchen<\/span><\/h2>\n<p>&nbsp;<\/p>\n<p><strong><span style=\"color: #000000;\">Unsere \u00dcbersetzer k\u00f6nnen sowohl in als auch aus allen Sprachen \u00fcbersetzen. Dazu z\u00e4hlen ebenfalls alle Fachgebiete. Durch die erstklassige Kompetenz unserer hoch qualifizierten Muttersprachler aus verschiedenen L\u00e4ndern, lassen sich die \u00dcbersetzungen also nicht nur einwandfrei und fehlerfrei durchf\u00fchren, sondern auch zeitnah. Dank der Tatsche, dass die verschiedenen Fremdsprachen bei den einzelnen Mitarbeitern als Muttersprache gesprochen werden, stellen auch Dialekte und Fremdw\u00f6rter keinerlei Probleme da und werden mit ins Deutsche oder aus dem Deutschen heraus in die Fremdsprache \u00fcbersetzt. Bei uns steht die Kundenzufriedenheit stets an erster Stelle, sodass wir gemeinsam mit unseren Kunden alle W\u00fcnsche umsetzen.<\/span><\/strong><\/p>\n<p><strong><span style=\"color: #000000;\">Wenn Sie auf der Suche nach einem professionellen Ansprechpartner sind, um die von Ihnen gew\u00fcnschten Artikel, Dokumente und Urkunden etc. in eine Wunschsprache zu \u00fcbersetzen? Dann sind Sie bei uns an der richtigen Adresse. Wir sorgen nicht nur f\u00fcr eine professionelle und fehlerfreie Umsetzung, sondern bieten die \u00dcbersetzungen zus\u00e4tzlich zu einem fairen Preis an.<\/span><\/strong><\/p>\n","protected":false},"excerpt":{"rendered":"<p>\u00dcbersetzungen in allen Sprachen buchen &nbsp; Unsere \u00dcbersetzer k\u00f6nnen sowohl in als auch aus allen Sprachen \u00fcbersetzen. Dazu z\u00e4hlen ebenfalls alle Fachgebiete. Durch die erstklassige Kompetenz unserer hoch qualifizierten Muttersprachler aus verschiedenen L\u00e4ndern, lassen sich die \u00dcbersetzungen also nicht nur einwandfrei und fehlerfrei durchf\u00fchren, sondern auch zeitnah. Dank der Tatsche, dass die verschiedenen Fremdsprachen bei [&hellip;]<\/p>\n","protected":false},"author":1,"featured_media":0,"parent":0,"menu_order":2,"comment_status":"closed","ping_status":"closed","template":"","meta":{"footnotes":""},"class_list":["post-148","page","type-page","status-publish","hentry"],"_links":{"self":[{"href":"https:\/\/sprachenservice-sued.de\/index.php?rest_route=\/wp\/v2\/pages\/148","targetHints":{"allow":["GET"]}}],"collection":[{"href":"https:\/\/sprachenservice-sued.de\/index.php?rest_route=\/wp\/v2\/pages"}],"about":[{"href":"https:\/\/sprachenservice-sued.de\/index.php?rest_route=\/wp\/v2\/types\/page"}],"author":[{"embeddable":true,"href":"https:\/\/sprachenservice-sued.de\/index.php?rest_route=\/wp\/v2\/users\/1"}],"replies":[{"embeddable":true,"href":"https:\/\/sprachenservice-sued.de\/index.php?rest_route=%2Fwp%2Fv2%2Fcomments&post=148"}],"version-history":[{"count":14,"href":"https:\/\/sprachenservice-sued.de\/index.php?rest_route=\/wp\/v2\/pages\/148\/revisions"}],"predecessor-version":[{"id":721,"href":"https:\/\/sprachenservice-sued.de\/index.php?rest_route=\/wp\/v2\/pages\/148\/revisions\/721"}],"wp:attachment":[{"href":"https:\/\/sprachenservice-sued.de\/index.php?rest_route=%2Fwp%2Fv2%2Fmedia&parent=148"}],"curies":[{"name":"wp","href":"https:\/\/api.w.org\/{rel}","templated":true}]}}