{"id":175,"date":"2023-02-13T03:14:00","date_gmt":"2023-02-13T03:14:00","guid":{"rendered":"https:\/\/sprachenservice-sued.de\/?page_id=175"},"modified":"2023-02-18T23:16:32","modified_gmt":"2023-02-18T23:16:32","slug":"dolmetschen-2","status":"publish","type":"page","link":"https:\/\/sprachenservice-sued.de\/?page_id=175","title":{"rendered":"Dolmetschen"},"content":{"rendered":"<h2><span style=\"color: #000000;\">Hoch qualifizierte und ausgebildete Dolmetscher f\u00fcr beste Ergebnisse<\/span><\/h2>\n<p>&nbsp;<\/p>\n<p><strong><span style=\"color: #000000;\">Dolmetscher kommen in vielen verschiedenen Situationen zum Einsatz. So zum Beispiel vor Gericht, wo eine pers\u00f6nliche Anwesenheit nat\u00fcrlich zwingend erforderlich ist. Es gibt aber auch die Telefondolmetscher, welche, wie der Name schon vermuten l\u00e4sst, am Telefon Sprachen \u00fcbersetzen. Des Weiteren gibt es zum Beispiel Konsekutivdolmetscher, welche bei einer standesamtlichen Hochzeit zum Einsatz kommen k\u00f6nnen oder aber Simultandolmetscher. Auch die sogenannten Fl\u00fcsterdolmetscher werden gerne f\u00fcr die gesch\u00e4ftlichen Anl\u00e4sse eingesetzt und sorgen hier f\u00fcr die gesch\u00e4ftliche und somit auch finanzielle Sicherheit.<\/span><\/strong><\/p>\n<p><strong><span style=\"color: #000000;\">Neben der einfachen Buchung, sowie allen Sprachen dieser Welt, bieten wir Ihnen ebenso ein sehr breites Spektrum an Dolmetscherarbeiten an, die ebenso schriftlich erfolgen k\u00f6nnen. So zum Beispiel die Dokumenten\u00fcbersetzung. Dabei spielt es keine Rolle, ob es sich um private Unterlagen, um Gesch\u00e4ftsunterlagen oder Marketing\u00fcbersetzungen, um Klageschriften oder Betriebsanleitungen sowie weitere Schriften handelt.<\/span><\/strong><\/p>\n<p><strong><span style=\"color: #000000;\">Auch Urkunden und Rechtstexte fallen in den Aufgabenbereich eines Dolmetschers. Darunter fallen zum Beispiel die Authentifizierung von Dokumenten sowie Urteile, Vereinbarungen, verschiedene Vertr\u00e4ge oder aber Zeugnisse und Vollmachten. Auch Fach\u00fcbersetzungen k\u00f6nnen Sie bei uns buchen, sodass Brosch\u00fcren, B\u00fccher und literarische Werke in die von Ihnen gew\u00fcnschte Sprache \u00fcbersetzt werden. Sie haben eine eigene Webseite, die \u00fcbersetzt werden soll? Auch das ist kein Problem, denn auch Blogs, CMS-Systeme, sowie Software Programme und vieles mehr wird von unserem Fachpersonal \u00fcbersetzt. So muss es also nicht immer das Dolmetschen bundesweit vor Ort sein.<\/span><\/strong><\/p>\n","protected":false},"excerpt":{"rendered":"<p>Hoch qualifizierte und ausgebildete Dolmetscher f\u00fcr beste Ergebnisse &nbsp; Dolmetscher kommen in vielen verschiedenen Situationen zum Einsatz. So zum Beispiel vor Gericht, wo eine pers\u00f6nliche Anwesenheit nat\u00fcrlich zwingend erforderlich ist. Es gibt aber auch die Telefondolmetscher, welche, wie der Name schon vermuten l\u00e4sst, am Telefon Sprachen \u00fcbersetzen. Des Weiteren gibt es zum Beispiel Konsekutivdolmetscher, welche [&hellip;]<\/p>\n","protected":false},"author":1,"featured_media":0,"parent":0,"menu_order":3,"comment_status":"closed","ping_status":"closed","template":"","meta":{"footnotes":""},"class_list":["post-175","page","type-page","status-publish","hentry"],"_links":{"self":[{"href":"https:\/\/sprachenservice-sued.de\/index.php?rest_route=\/wp\/v2\/pages\/175","targetHints":{"allow":["GET"]}}],"collection":[{"href":"https:\/\/sprachenservice-sued.de\/index.php?rest_route=\/wp\/v2\/pages"}],"about":[{"href":"https:\/\/sprachenservice-sued.de\/index.php?rest_route=\/wp\/v2\/types\/page"}],"author":[{"embeddable":true,"href":"https:\/\/sprachenservice-sued.de\/index.php?rest_route=\/wp\/v2\/users\/1"}],"replies":[{"embeddable":true,"href":"https:\/\/sprachenservice-sued.de\/index.php?rest_route=%2Fwp%2Fv2%2Fcomments&post=175"}],"version-history":[{"count":18,"href":"https:\/\/sprachenservice-sued.de\/index.php?rest_route=\/wp\/v2\/pages\/175\/revisions"}],"predecessor-version":[{"id":722,"href":"https:\/\/sprachenservice-sued.de\/index.php?rest_route=\/wp\/v2\/pages\/175\/revisions\/722"}],"wp:attachment":[{"href":"https:\/\/sprachenservice-sued.de\/index.php?rest_route=%2Fwp%2Fv2%2Fmedia&parent=175"}],"curies":[{"name":"wp","href":"https:\/\/api.w.org\/{rel}","templated":true}]}}