{"id":186,"date":"2023-02-13T03:26:43","date_gmt":"2023-02-13T03:26:43","guid":{"rendered":"https:\/\/sprachenservice-sued.de\/?page_id=186"},"modified":"2023-02-13T09:39:23","modified_gmt":"2023-02-13T09:39:23","slug":"sonstiges","status":"publish","type":"page","link":"https:\/\/sprachenservice-sued.de\/?page_id=186","title":{"rendered":""},"content":{"rendered":"<h2><span style=\"color: #000000;\">Sonstiges<\/span><\/h2>\n<h2><\/h2>\n<h3><span style=\"color: #000000;\">Korrekturlesen<\/span><\/h3>\n<p><strong><span style=\"color: #0000ff;\">Wir bieten auch Korrekturlesen bzw. Editieren an. Liegt Ihnen eine bereits angefertigte \u00dcbersetzung oder ein Text vor, deren Formulierung nicht gut zu sein scheint, k\u00f6nnen wir sie sehr gern fachgerecht editieren.<\/span><\/strong><\/p>\n<h3><span style=\"color: #000000;\">Begleitdolmetschen<\/span><\/h3>\n<p><strong><span style=\"color: #0000ff;\">Wir k\u00f6nnen Ihnen jederzeit unsere Dolmetscher zur Verf\u00fcgung stellen, die Sie zur Sprachverst\u00e4ndigung \u00fcberallhin begleiten k\u00f6nnen<\/span><\/strong><\/p>\n","protected":false},"excerpt":{"rendered":"<p>Sonstiges Korrekturlesen Wir bieten auch Korrekturlesen bzw. Editieren an. Liegt Ihnen eine bereits angefertigte \u00dcbersetzung oder ein Text vor, deren Formulierung nicht gut zu sein scheint, k\u00f6nnen wir sie sehr gern fachgerecht editieren. Begleitdolmetschen Wir k\u00f6nnen Ihnen jederzeit unsere Dolmetscher zur Verf\u00fcgung stellen, die Sie zur Sprachverst\u00e4ndigung \u00fcberallhin begleiten k\u00f6nnen<\/p>\n","protected":false},"author":1,"featured_media":0,"parent":0,"menu_order":0,"comment_status":"closed","ping_status":"closed","template":"","meta":{"footnotes":""},"class_list":["post-186","page","type-page","status-publish","hentry"],"_links":{"self":[{"href":"https:\/\/sprachenservice-sued.de\/index.php?rest_route=\/wp\/v2\/pages\/186","targetHints":{"allow":["GET"]}}],"collection":[{"href":"https:\/\/sprachenservice-sued.de\/index.php?rest_route=\/wp\/v2\/pages"}],"about":[{"href":"https:\/\/sprachenservice-sued.de\/index.php?rest_route=\/wp\/v2\/types\/page"}],"author":[{"embeddable":true,"href":"https:\/\/sprachenservice-sued.de\/index.php?rest_route=\/wp\/v2\/users\/1"}],"replies":[{"embeddable":true,"href":"https:\/\/sprachenservice-sued.de\/index.php?rest_route=%2Fwp%2Fv2%2Fcomments&post=186"}],"version-history":[{"count":5,"href":"https:\/\/sprachenservice-sued.de\/index.php?rest_route=\/wp\/v2\/pages\/186\/revisions"}],"predecessor-version":[{"id":252,"href":"https:\/\/sprachenservice-sued.de\/index.php?rest_route=\/wp\/v2\/pages\/186\/revisions\/252"}],"wp:attachment":[{"href":"https:\/\/sprachenservice-sued.de\/index.php?rest_route=%2Fwp%2Fv2%2Fmedia&parent=186"}],"curies":[{"name":"wp","href":"https:\/\/api.w.org\/{rel}","templated":true}]}}