{"id":636,"date":"2023-02-18T14:31:50","date_gmt":"2023-02-18T14:31:50","guid":{"rendered":"https:\/\/sprachenservice-sued.de\/?page_id=636"},"modified":"2023-02-18T18:31:02","modified_gmt":"2023-02-18T18:31:02","slug":"agb","status":"publish","type":"page","link":"https:\/\/sprachenservice-sued.de\/?page_id=636","title":{"rendered":""},"content":{"rendered":"<h5>AGB<\/h5>\n<p>&nbsp;<\/p>\n<h6><span style=\"color: #000000;\"><strong>\u00a7 1 Auftragsannahme<\/strong><\/span><\/h6>\n<p><span style=\"color: #0000ff;\">Alle Auftr\u00e4ge werden nur zu den nachstehenden Allgemeinen Gesch\u00e4ftsbedingungen angenommen und ausgef\u00fchrt. Der Kunde erkennt diese mit der Auftragserteilung an.<\/span><\/p>\n<h6><span style=\"color: #000000;\"><strong>\u00a7 2 Ausf\u00fchrung des \u00dcbersetzungsauftrages<\/strong><\/span><\/h6>\n<p><span style=\"color: #0000ff;\">Die \u00dcbersetzung wird fachgerecht ausgef\u00fchrt. Der Kunde erh\u00e4lt die m\u00fcndlich oder schriftlich vereinbarte Ausfertigung der \u00dcbersetzung auf dem vereinbarten Wege.<\/span><\/p>\n<h6><span style=\"color: #000000;\"><strong>\u00a7 3 Mitwirkungspflicht des Auftraggebers<\/strong><\/span><\/h6>\n<p><span style=\"color: #0000ff;\">Der Kunde hat den Sprachenservice NORD rechtzeitig \u00fcber besondere Ausf\u00fchrungsformen und Formate der \u00dcbersetzung zu informieren.<\/span><\/p>\n<p><span style=\"color: #0000ff;\">Fehlerhaft \u00dcbersetzungen wegen Unleserlichkeit des Ausgangstextes gehen nicht zu Lasten des Sprachenservice NORD.<\/span><\/p>\n<h6><span style=\"color: #000000;\"><strong>\u00a7 4 M\u00e4ngelbeseitigung \/ Haftung \/ Schadenanspr\u00fcche<\/strong><\/span><\/h6>\n<p><span style=\"color: #0000ff;\">\u00dcbersetzungen werden von uns fachgerecht angefertigt. Sollte eine unserer \u00dcbersetzungen dennoch einen Mangel aufweisen, muss uns dieses innerhalb von 3 Tagen schriftlich gemeldet werden, andernfalls gilt die \u00dcbersetzung als m\u00e4ngelfrei. Der Kunde hat im M\u00e4ngelfall Anspruch auf eine m\u00e4ngelfreie Berichtigung. Eine Haftung f\u00fcr M\u00e4ngelfolgesch\u00e4den wird ausgeschlossen. Sollte sich die \u00dcbersetzung f\u00fcr den vom Kunden geplanten Verwendungszweck (Werbezwecke etc) als nicht geeignet erweisen, behalten wir uns das Recht auf Nachbesserung vor. In keinem Fall entstehen daraus Schadenersatzanspr\u00fcche an Sprachenservice NORD. Die Haftung des \u00dcbersetzers wird auf die H\u00f6he seiner Verm\u00f6gensschadenshaftpflichtversicherung begrenzt.<\/span><\/p>\n<h6><span style=\"color: #000000;\"><strong>\u00a7 5 Geheimhaltung<\/strong><\/span><\/h6>\n<p><span style=\"color: #0000ff;\">Der Sprachenservice NORD verpflichtet sich, Stillschweigen \u00fcber alle Tatsachen zu bewahren, die ihm im Zusammenhang mit seiner T\u00e4tigkeit f\u00fcr den Kunden zur Kenntnis gelangen. Der Sprachenservice NORD darf sich zur Ausf\u00fchrung aller Gesch\u00e4fte, sofern er dies als erforderlich erachtet, Dritter bedienen.<\/span><\/p>\n<h6><span style=\"color: #000000;\"><strong>\u00a7 6 St\u00f6rung, h\u00f6here Gewalt, Serverfehler und Viren<\/strong><\/span><\/h6>\n<p><span style=\"color: #0000ff;\">F\u00fcr Sch\u00e4den, die durch Viren, \u00dcbertragungsst\u00f6rungen oder h\u00f6here Gewalt entstehen, wird keine Haftung \u00fcbernommen.<\/span><\/p>\n<h6><span style=\"color: #000000;\"><strong>\u00a7 7 Preise<\/strong><\/span><\/h6>\n<p><span style=\"color: #0000ff;\">Alle Preise sind freibleibend. Die genannten Preise sind Nettopreise.<\/span><\/p>\n<h6><span style=\"color: #000000;\"><strong>\u00a7 8 Eigentumsvorbehalt<\/strong><\/span><\/h6>\n<p><span style=\"color: #0000ff;\">Das Vertragverh\u00e4ltnis zwischen Sprachenservice NORD und dem Kunden unterliegt ausschlie\u00dflich dem deutschen Recht. Als ausschlie\u00dflicher Gerichtsstand f\u00fcr alle Streitigkeiten gilt f\u00fcr beide Parteien der Firmensitz von Sprachenservice NORD.<\/span><\/p>\n<h6><span style=\"color: #000000;\"><strong>\u00a7 9 Salvatorische Klausel<\/strong><\/span><\/h6>\n<p><span style=\"color: #0000ff;\">Sollten eine oder mehrere Bestimmungen dieser AGB aus irgendeinem Rechtsgrund unwirksam sein oder unwirksam werden, so werden die restlichen Bestimmungen nicht davon ber\u00fchrt.<\/span><\/p>\n","protected":false},"excerpt":{"rendered":"<p>AGB &nbsp; \u00a7 1 Auftragsannahme Alle Auftr\u00e4ge werden nur zu den nachstehenden Allgemeinen Gesch\u00e4ftsbedingungen angenommen und ausgef\u00fchrt. Der Kunde erkennt diese mit der Auftragserteilung an. \u00a7 2 Ausf\u00fchrung des \u00dcbersetzungsauftrages Die \u00dcbersetzung wird fachgerecht ausgef\u00fchrt. Der Kunde erh\u00e4lt die m\u00fcndlich oder schriftlich vereinbarte Ausfertigung der \u00dcbersetzung auf dem vereinbarten Wege. \u00a7 3 Mitwirkungspflicht des Auftraggebers [&hellip;]<\/p>\n","protected":false},"author":1,"featured_media":0,"parent":0,"menu_order":0,"comment_status":"closed","ping_status":"closed","template":"","meta":{"footnotes":""},"class_list":["post-636","page","type-page","status-publish","hentry"],"_links":{"self":[{"href":"https:\/\/sprachenservice-sued.de\/index.php?rest_route=\/wp\/v2\/pages\/636","targetHints":{"allow":["GET"]}}],"collection":[{"href":"https:\/\/sprachenservice-sued.de\/index.php?rest_route=\/wp\/v2\/pages"}],"about":[{"href":"https:\/\/sprachenservice-sued.de\/index.php?rest_route=\/wp\/v2\/types\/page"}],"author":[{"embeddable":true,"href":"https:\/\/sprachenservice-sued.de\/index.php?rest_route=\/wp\/v2\/users\/1"}],"replies":[{"embeddable":true,"href":"https:\/\/sprachenservice-sued.de\/index.php?rest_route=%2Fwp%2Fv2%2Fcomments&post=636"}],"version-history":[{"count":12,"href":"https:\/\/sprachenservice-sued.de\/index.php?rest_route=\/wp\/v2\/pages\/636\/revisions"}],"predecessor-version":[{"id":679,"href":"https:\/\/sprachenservice-sued.de\/index.php?rest_route=\/wp\/v2\/pages\/636\/revisions\/679"}],"wp:attachment":[{"href":"https:\/\/sprachenservice-sued.de\/index.php?rest_route=%2Fwp%2Fv2%2Fmedia&parent=636"}],"curies":[{"name":"wp","href":"https:\/\/api.w.org\/{rel}","templated":true}]}}