{"id":641,"date":"2023-02-18T14:35:16","date_gmt":"2023-02-18T14:35:16","guid":{"rendered":"https:\/\/sprachenservice-sued.de\/?page_id=641"},"modified":"2023-02-18T15:04:22","modified_gmt":"2023-02-18T15:04:22","slug":"impressum","status":"publish","type":"page","link":"https:\/\/sprachenservice-sued.de\/?page_id=641","title":{"rendered":""},"content":{"rendered":"<div class=\"has-global-padding is-layout-constrained entry-content alignfull mt-5 wp-block-post-content\">\n<div class=\"wpb_text_column wpb_content_element \">\n<div class=\"wpb_wrapper\">\n<h2><strong><span style=\"color: #000000;\">Sprachenservice S\u00fcd<\/span><br \/>\n<\/strong><\/h2>\n<h3><span style=\"color: #000000;\"><strong>\u00dcbesetzungs- und Dometscherdienst<\/strong><\/span><\/h3>\n<p><span style=\"color: #0000ff;\">Tel.: +49 (0) 911- 48 974 682<\/span><br \/>\n<span style=\"color: #0000ff;\">Mobil: 0163 \u2013 79 68 930<\/span><\/p>\n<p><span style=\"color: #3366ff;\"><a class=\"linkrot\" style=\"color: #3366ff;\" href=\"https:\/\/www.sprachenservice-sued.de\">www.sprachenservice-sued<\/a><\/span><a class=\"linkrot\" href=\"https:\/\/www.sprachenservice-sued.de\"><span style=\"color: #3366ff;\">.de<\/span><\/a><br \/>\n<a class=\"linkrot\" href=\"mailto:info@sprachenservice-sued.de\"><span style=\"color: #3366ff;\">info@sprachenservice-sued.de<\/span><\/a><\/p>\n<p><span style=\"color: #0000ff;\">Inhaber: Serdar \u00c7agl\u0131<\/span><br \/>\n<span style=\"color: #0000ff;\">Dolmetscher- und \u00dcbersetzungs Service<\/span><\/p>\n<p><span style=\"color: #0000ff;\">Haftungshinweis: Trotz sorgf\u00e4ltiger inhaltlicher Kontrolle \u00fcbernehmen wir keine Haftung f\u00fcr die Inhalte externer Links. F\u00fcr die Inhalte der verlinkten Seiten sind ausschlie\u00dflich deren Betreiber verantwortlich.<\/span><\/p>\n<\/div>\n<\/div>\n<\/div>\n","protected":false},"excerpt":{"rendered":"<p>Sprachenservice S\u00fcd \u00dcbesetzungs- und Dometscherdienst Tel.: +49 (0) 911- 48 974 682 Mobil: 0163 \u2013 79 68 930 www.sprachenservice-sued.de info@sprachenservice-sued.de Inhaber: Serdar \u00c7agl\u0131 Dolmetscher- und \u00dcbersetzungs Service Haftungshinweis: Trotz sorgf\u00e4ltiger inhaltlicher Kontrolle \u00fcbernehmen wir keine Haftung f\u00fcr die Inhalte externer Links. F\u00fcr die Inhalte der verlinkten Seiten sind ausschlie\u00dflich deren Betreiber verantwortlich.<\/p>\n","protected":false},"author":1,"featured_media":0,"parent":0,"menu_order":0,"comment_status":"closed","ping_status":"closed","template":"","meta":{"footnotes":""},"class_list":["post-641","page","type-page","status-publish","hentry"],"_links":{"self":[{"href":"https:\/\/sprachenservice-sued.de\/index.php?rest_route=\/wp\/v2\/pages\/641","targetHints":{"allow":["GET"]}}],"collection":[{"href":"https:\/\/sprachenservice-sued.de\/index.php?rest_route=\/wp\/v2\/pages"}],"about":[{"href":"https:\/\/sprachenservice-sued.de\/index.php?rest_route=\/wp\/v2\/types\/page"}],"author":[{"embeddable":true,"href":"https:\/\/sprachenservice-sued.de\/index.php?rest_route=\/wp\/v2\/users\/1"}],"replies":[{"embeddable":true,"href":"https:\/\/sprachenservice-sued.de\/index.php?rest_route=%2Fwp%2Fv2%2Fcomments&post=641"}],"version-history":[{"count":3,"href":"https:\/\/sprachenservice-sued.de\/index.php?rest_route=\/wp\/v2\/pages\/641\/revisions"}],"predecessor-version":[{"id":658,"href":"https:\/\/sprachenservice-sued.de\/index.php?rest_route=\/wp\/v2\/pages\/641\/revisions\/658"}],"wp:attachment":[{"href":"https:\/\/sprachenservice-sued.de\/index.php?rest_route=%2Fwp%2Fv2%2Fmedia&parent=641"}],"curies":[{"name":"wp","href":"https:\/\/api.w.org\/{rel}","templated":true}]}}